{"id":3,"date":"2025-04-21T22:49:49","date_gmt":"2025-04-21T22:49:49","guid":{"rendered":"https:\/\/endocrinologianoreste.com\/2025\/?page_id=3"},"modified":"2025-05-16T22:01:02","modified_gmt":"2025-05-16T22:01:02","slug":"politica-de-privacidad","status":"publish","type":"page","link":"https:\/\/endocrinologianoreste.com\/2025\/politica-de-privacidad\/","title":{"rendered":"Pol\u00edtica de Privacidad"},"content":{"rendered":"\t\t<div data-elementor-type=\"wp-page\" data-elementor-id=\"3\" class=\"elementor elementor-3\" data-elementor-post-type=\"page\">\n\t\t\t\t<div class=\"elementor-element elementor-element-e047acf e-flex e-con-boxed e-con e-parent\" data-id=\"e047acf\" data-element_type=\"container\" data-settings=\"{&quot;jet_parallax_layout_list&quot;:[]}\">\n\t\t\t\t\t<div class=\"e-con-inner\">\n\t\t\t\t<div class=\"elementor-element elementor-element-3fa112b elementor-widget elementor-widget-text-editor\" data-id=\"3fa112b\" data-element_type=\"widget\" data-widget_type=\"text-editor.default\">\n\t\t\t\t\t\t\t\t\t<p><b>Aviso de Privacidad<\/b><\/p>\n<p>SOCIEDAD DE NUTRICION Y ENDOCRINOLOGIA DEL NORESTE DE MEXICO, ASOCIACION CIVIL, debidamente constituida conforme a la legislaci\u00f3n mexicana, teniendo su domicilio en\u00a0<b>Miguel Hidalgo 2425-707, Monterrey, Nuevo Le\u00f3n, M\u00e9xico\u00a0<\/b>(denominada en lo sucesivo la\u00a0<b>\u201cResponsable\u201d<\/b>), con fundamento en los art\u00edculos 15, 16, 17 y dem\u00e1s correlativos y aplicables de la Ley Federal de Protecci\u00f3n de Datos Personales en Posesi\u00f3n de los Particulares y de su Reglamento (en subsecuente \u201c<b>Ley<\/b>\u201d, pone a su disposici\u00f3n el presente aviso de privacidad, en virtud de los datos personales que se pretenden recabar de Usted como titular de los mismos (en lo sucesivo el\u00a0<b>\u201cTitular\u201d<\/b>).<\/p>\n<p>Para la Responsable, es necesaria la recopilaci\u00f3n de ciertos datos personales, para llevar a cabo las actividades intr\u00ednsecas a su\u00a0<b>objeto social<\/b>.<\/p>\n<p>Todo lo anterior se realiza con el objetivo de que usted tenga pleno conocimiento, control y decisi\u00f3n sobre sus datos personales, por ello recomendamos que lea atentamente la siguiente informaci\u00f3n:<\/p>\n<ol>\n<li aria-level=\"1\"><b>Finalidad del tratamiento de los datos personales.<\/b><\/li>\n<\/ol>\n<p>La Responsable, para la consecuci\u00f3n de su objeto social, requerir\u00e1 datos personales que ser\u00e1n tratados estrictamente para alcanzar las siguientes finalidades:<\/p>\n<ul>\n<li aria-level=\"1\"><b>Finalidades necesarias y\/o que dan origen a la relaci\u00f3n jur\u00eddica entre la Responsable y el Titular:<\/b><\/li>\n<li aria-level=\"1\">Identificarle y poder contactarle para poner a su disposici\u00f3n nuestros servicios.<\/li>\n<li aria-level=\"1\">Proveer el bien y\/o servicio que solicite.<\/li>\n<li aria-level=\"1\">Mantener actualizada nuestra base de datos de usuarios y clientes a fin de poder responderle a sus consultas.<\/li>\n<li aria-level=\"1\">Dar cumplimiento a las obligaciones contractuales pactadas entre el Titular y la Responsable.<\/li>\n<li aria-level=\"1\">La realizaci\u00f3n por parte de la Responsable de actividades propias, relacionadas y derivadas de su objeto social.<\/li>\n<li aria-level=\"1\">Cumplir con todas las obligaciones a cargo de la Responsable que le imponga la legislaci\u00f3n vigente.<\/li>\n<li aria-level=\"1\"><b>Finalidades que no dan necesariamente origen a la relaci\u00f3n jur\u00eddica entre la Responsable y el Titular:<\/b><\/li>\n<li aria-level=\"1\">Ceder o transmitir a un tercero, mediante cualquier forma legal, los derechos y\/u obligaciones derivadas de los contratos antes se\u00f1alados.<\/li>\n<li aria-level=\"1\">Modificar, en su caso, los contratos se\u00f1alados.<\/li>\n<li aria-level=\"1\">Transferir los datos a sociedades subsidiarias, afiliadas y relacionadas, sus terceros proveedores de servicios y productos, con el prop\u00f3sito de ofrecerle productos y \/o servicios.<\/li>\n<li aria-level=\"1\">Elaborar estad\u00edsticas y reportes de los servicios prestados por la Responsable con el objeto de llevar un control interno de dichos servicios, as\u00ed como para dar seguimiento puntual a los mismos.<\/li>\n<li aria-level=\"1\">Realizar prospecci\u00f3n y promoci\u00f3n de bienes y servicios relacionados al objeto social de la Responsable.<\/li>\n<li aria-level=\"1\">Cualquier finalidad an\u00e1loga o compatible con las anteriores.<\/li>\n<\/ul>\n<p>En caso de que el\u00a0<b>Titular\u00a0<\/b>no desee que sus datos personales se utilicen para estos fines secundarios, podr\u00e1 manifestar su no consentimiento a trav\u00e9s de los medios descritos en el punto III (tercero) de este aviso.<\/p>\n<p>Los datos personales que la Responsable recaba, de manera enunciativa y no limitativa, ser\u00e1n aquellos como nombre, edad, g\u00e9nero, documento que acredite identidad, ocupaci\u00f3n, correo electr\u00f3nico, domicilio convencional y fiscal, n\u00famero telef\u00f3nico, fecha y lugar de nacimiento, Registro Federal de Contribuyentes, denominaci\u00f3n o raz\u00f3n social, entre otros.<\/p>\n<ol>\n<li aria-level=\"1\"><b>Opciones y medios que la Responsable ofrece para limitar el uso o divulgaci\u00f3n de datos personales.<\/b><\/li>\n<\/ol>\n<p>Con el objeto de limitar el uso o divulgaci\u00f3n de los datos personales, la Responsable resguarda dichos datos personales bajo el servidor virtual privado en donde \u00fanicamente personal facultado tiene acceso para visualizarlo. Por lo que respecta a documentos f\u00edsicos que contengan datos personales del Titular, la Responsable los resguarda en archivos bajo llave.<\/p>\n<p>De igual modo, la Responsable ha implementado capacitaci\u00f3n, as\u00ed como pol\u00edticas y procedimientos internos aplicables a su personal.<\/p>\n<p><b>III. Medios para ejercer los derechos de acceso, rectificaci\u00f3n, cancelaci\u00f3n u oposici\u00f3n.<\/b><\/p>\n<p>El Titular de los datos personales podr\u00e1 ejercer sus derechos de acceso, rectificaci\u00f3n, cancelaci\u00f3n u oposici\u00f3n presentando una solicitud por escrito en t\u00e9rminos del art\u00edculo 29 de la\u00a0<b>Ley<\/b>, en el propio domicilio de la Responsable o por medio del correo electr\u00f3nico info@endocrinologianoreste.com, el cual deber\u00e1 contener el nombre y domicilio del titular, informaci\u00f3n de contacto, documentos que acrediten su personalidad, una descripci\u00f3n clara y precisa de los derechos que se pretenden ejercer y cualquier otro elemento que facilite la localizaci\u00f3n de los datos.<\/p>\n<p>La Responsable, en un plazo m\u00e1ximo de 20 (veinte) d\u00edas, prorrogables en t\u00e9rminos de ley, a partir de haber recibido la solicitud, informar\u00e1 al Titular la determinaci\u00f3n adoptada.\u00a0<\/p>\n<p>El Titular entiende, reconoce y acepta que la cancelaci\u00f3n y\/u oposici\u00f3n al uso de sus datos personales genera la imposibilidad de que la Responsable pueda ejercitar la relaci\u00f3n jur\u00eddica que sostendr\u00e1 con el Titular, para el cumplimiento de las obligaciones inherentes a su objeto social, y dem\u00e1s que contraiga con \u00e9ste.<\/p>\n<ol>\n<li aria-level=\"1\"><b>Transferencia de datos personales.<\/b><\/li>\n<\/ol>\n<p>La Responsable comunica al Titular y este acepta que podr\u00e1 transferir sus datos personales a terceros nacionales o extranjeros, en los siguientes supuestos: a) Cuando decida ceder a un tercero, mediante cualquier forma legal, los derechos y\/u obligaciones que tenga frente al Titular; b) Cuando requiera de un tercero una prestaci\u00f3n de servicios o asesor\u00eda respecto de los servicios que son ofrecidos; c) Cuando requiera de un tercero una prestaci\u00f3n de servicios o asesor\u00eda jur\u00eddica relacionada con la administraci\u00f3n y cobranza judicial y extrajudicial y el ejercicio de acciones legales; y, d) Cuando, en su caso, los requiera el fabricante, proveedor o distribuidor del bien con el que se relacione.<\/p>\n<ol>\n<li aria-level=\"1\"><b>Cambios al aviso de privacidad.<\/b><\/li>\n<\/ol>\n<p>En el supuesto de que la Responsable requiera modificar el contenido del presente aviso de privacidad lo har\u00e1 del conocimiento del Titular a trav\u00e9s de la publicaci\u00f3n del mismo en el domicilio mencionado en el primer p\u00e1rrafo, su portal de internet\u00a0o por correo electr\u00f3nico; aplicando en lo conducente lo establecido en la propia\u00a0<b>Ley<\/b>, y en su caso, para la manifestaci\u00f3n de la voluntad del Titular, lo cual aplicar\u00e1 \u00fanicamente para los aspectos del tratamiento de datos personales diversos de los ya consentidos en este aviso de privacidad.<\/p>\n<ol>\n<li aria-level=\"1\"><b>Uso de tecnolog\u00edas de rastreo en nuestro portal de internet<\/b><\/li>\n<\/ol>\n<p>Le informamos que en nuestra p\u00e1gina de internet utilizamos cookies, web beacons y otras tecnolog\u00edas, a trav\u00e9s de las cuales es posible monitorear su comportamiento como usuario de internet, as\u00ed como brindarle un mejor servicio y experiencia al navegar en nuestra p\u00e1gina.<\/p>\n<p>Los datos personales que recabamos a trav\u00e9s de estas tecnolog\u00edas, ser\u00e1n utilizados para: (a) Facilitar la administraci\u00f3n y navegaci\u00f3n de los usuarios de nuestro Sitio web; (b) Reconocer a los usuarios y personalizar su visita en los Sitios web; y (c) Enviar a los usuarios publicidad, promoci\u00f3n de los productos y servicios que proveemos.<\/p>\n<p>Los datos personales obtenidos son: (a) de dispositivos que usted usa; y (b) geolocalizaci\u00f3n (ubicaci\u00f3n). Si no desea compartir esta informaci\u00f3n puede no hacerlo configurando as\u00ed en su dispositivo.<\/p>\n<p>Para conocer la forma en que se pueden deshabilitar estas tecnolog\u00edas, consulte el punto\u00a0<b>III (Tercero<\/b>) del presente Aviso de Privacidad.<\/p>\n<p><b>CONSENTIMIENTO DEL TITULAR<\/b><\/p>\n<p>Con fundamento en el art\u00edculo 8 de la Ley Federal de Datos Personales en Posesi\u00f3n de los Particulares, consiento en entregar a la Responsable, mis datos personales a efecto de que sean tratados conforme a lo consignado en el presente Aviso de privacidad que fue puesto a mi disposici\u00f3n.<\/p>\n<p>Asimismo, con fundamento en el segundo p\u00e1rrafo del art\u00edculo 36 del ordenamiento se\u00f1alado, acept\u00f3 la transferencia de mis datos personales a los terceros que resulten necesarios conforme el numeral IV (cuarto) del Aviso de Privacidad.<\/p>\n<p>Por otra parte, el Titular acepta y consiente que sus datos personales sean utilizados para las finalidades que no son necesarias y que no dan origen a su relaci\u00f3n con la Responsable.<\/p>\t\t\t\t\t\t\t\t<\/div>\n\t\t\t\t\t<\/div>\n\t\t\t\t<\/div>\n\t\t\t\t<\/div>\n\t\t","protected":false},"excerpt":{"rendered":"<p>Aviso de Privacidad SOCIEDAD DE NUTRICION Y ENDOCRINOLOGIA DEL NORESTE DE MEXICO, ASOCIACION CIVIL, debidamente constituida conforme a la legislaci\u00f3n mexicana, teniendo su domicilio en\u00a0Miguel Hidalgo 2425-707, Monterrey, Nuevo Le\u00f3n, M\u00e9xico\u00a0(denominada en lo sucesivo la\u00a0\u201cResponsable\u201d), con fundamento en los art\u00edculos 15, 16, 17 y dem\u00e1s correlativos y aplicables de la Ley Federal de Protecci\u00f3n de [&hellip;]<\/p>\n","protected":false},"author":1,"featured_media":0,"parent":0,"menu_order":0,"comment_status":"closed","ping_status":"closed","template":"elementor_canvas","meta":{"footnotes":""},"class_list":["post-3","page","type-page","status-publish","hentry"],"_links":{"self":[{"href":"https:\/\/endocrinologianoreste.com\/2025\/wp-json\/wp\/v2\/pages\/3","targetHints":{"allow":["GET"]}}],"collection":[{"href":"https:\/\/endocrinologianoreste.com\/2025\/wp-json\/wp\/v2\/pages"}],"about":[{"href":"https:\/\/endocrinologianoreste.com\/2025\/wp-json\/wp\/v2\/types\/page"}],"author":[{"embeddable":true,"href":"https:\/\/endocrinologianoreste.com\/2025\/wp-json\/wp\/v2\/users\/1"}],"replies":[{"embeddable":true,"href":"https:\/\/endocrinologianoreste.com\/2025\/wp-json\/wp\/v2\/comments?post=3"}],"version-history":[{"count":5,"href":"https:\/\/endocrinologianoreste.com\/2025\/wp-json\/wp\/v2\/pages\/3\/revisions"}],"predecessor-version":[{"id":186,"href":"https:\/\/endocrinologianoreste.com\/2025\/wp-json\/wp\/v2\/pages\/3\/revisions\/186"}],"wp:attachment":[{"href":"https:\/\/endocrinologianoreste.com\/2025\/wp-json\/wp\/v2\/media?parent=3"}],"curies":[{"name":"wp","href":"https:\/\/api.w.org\/{rel}","templated":true}]}}