{"id":843,"date":"2024-08-26T16:13:07","date_gmt":"2024-08-26T22:13:07","guid":{"rendered":"https:\/\/endocrinologianoreste.com\/congreso2024\/?page_id=843"},"modified":"2024-09-17T09:53:25","modified_gmt":"2024-09-17T15:53:25","slug":"ondemand","status":"publish","type":"page","link":"https:\/\/endocrinologianoreste.com\/congreso2024\/ondemand\/","title":{"rendered":"On Demand"},"content":{"rendered":"\t\t<div data-elementor-type=\"wp-page\" data-elementor-id=\"843\" class=\"elementor elementor-843\" data-elementor-post-type=\"page\">\n\t\t\t\t<div class=\"elementor-element elementor-element-2d84f95 e-flex e-con-boxed e-con e-parent\" data-id=\"2d84f95\" data-element_type=\"container\" data-settings=\"{&quot;background_background&quot;:&quot;classic&quot;,&quot;jet_parallax_layout_list&quot;:[]}\">\n\t\t\t\t\t<div class=\"e-con-inner\">\n\t\t<div class=\"elementor-element elementor-element-be6d6b7 e-con-full e-flex e-con e-child\" data-id=\"be6d6b7\" data-element_type=\"container\" data-settings=\"{&quot;jet_parallax_layout_list&quot;:[]}\">\n\t\t<div class=\"elementor-element elementor-element-8c829a3 e-con-full e-flex e-con e-child\" data-id=\"8c829a3\" data-element_type=\"container\" data-settings=\"{&quot;jet_parallax_layout_list&quot;:[]}\">\n\t\t<div class=\"elementor-element elementor-element-f6504ff e-con-full e-flex e-con e-child\" data-id=\"f6504ff\" data-element_type=\"container\" data-settings=\"{&quot;jet_parallax_layout_list&quot;:[]}\">\n\t\t\t\t<div class=\"elementor-element elementor-element-1791ed7 elementor-widget elementor-widget-heading\" data-id=\"1791ed7\" data-element_type=\"widget\" data-widget_type=\"heading.default\">\n\t\t\t\t<div class=\"elementor-widget-container\">\n\t\t\t\t\t<h2 class=\"elementor-heading-title elementor-size-default\">Transmisi\u00f3n Privada<\/h2>\t\t\t\t<\/div>\n\t\t\t\t<\/div>\n\t\t\t\t<div class=\"elementor-element elementor-element-86abd2c elementor-widget elementor-widget-text-editor\" data-id=\"86abd2c\" data-element_type=\"widget\" data-widget_type=\"text-editor.default\">\n\t\t\t\t<div class=\"elementor-widget-container\">\n\t\t\t\t\t\t\t\t\t<p>Esta secci\u00f3n es exclusiva para usuarios registrados del congreso de endocrinolog\u00eda. Si ya compraste tu boleto por favor inicia sesi\u00f3n con el usuario y contrase\u00f1a que recibiste a tu correo electr\u00f3nico. Si tienes alg\u00fan problema con el acceso escribe a info@endocrinologianoreste.com<\/p>\t\t\t\t\t\t\t\t<\/div>\n\t\t\t\t<\/div>\n\t\t\t\t<div class=\"elementor-element elementor-element-cac5dbd elementor-button-align-center elementor-widget elementor-widget-login\" data-id=\"cac5dbd\" data-element_type=\"widget\" data-widget_type=\"login.default\">\n\t\t\t\t<div class=\"elementor-widget-container\">\n\t\t\t\t\t\t\t<form class=\"elementor-login elementor-form\" method=\"post\" action=\"https:\/\/endocrinologianoreste.com\/congreso2024\/wp-login.php\">\n\t\t\t<input type=\"hidden\" name=\"redirect_to\" value=\"https:\/\/endocrinologianoreste.com\/congreso2024\/canal-01\/\">\n\t\t\t<div class=\"elementor-form-fields-wrapper\">\n\t\t\t\t<div class=\"elementor-field-type-text elementor-field-group elementor-column elementor-col-100 elementor-field-required\">\n\t\t\t\t\t<label for=\"user-cac5dbd\" class=\"elementor-field-label\">Email<\/label>\n\t\t\t\t\t<input size=\"1\" type=\"text\" name=\"log\" id=\"user-cac5dbd\" placeholder=\"\" class=\"elementor-field elementor-field-textual elementor-size-md\">\n\t\t\t\t<\/div>\n\t\t\t\t<div class=\"elementor-field-type-text elementor-field-group elementor-column elementor-col-100 elementor-field-required\">\n\t\t\t\t\t<label for=\"password-cac5dbd\" class=\"elementor-field-label\">Contrase\u00f1a<\/label>\n\t\t\t\t\t<input size=\"1\" type=\"password\" name=\"pwd\" id=\"password-cac5dbd\" placeholder=\"\" class=\"elementor-field elementor-field-textual elementor-size-md\">\n\t\t\t\t<\/div>\n\n\t\t\t\t\t\t\t\t\t<div class=\"elementor-field-type-checkbox elementor-field-group elementor-column elementor-col-100 elementor-remember-me\">\n\t\t\t\t\t\t<label for=\"elementor-login-remember-me\">\n\t\t\t\t\t\t\t<input type=\"checkbox\" id=\"elementor-login-remember-me\" name=\"rememberme\" value=\"forever\">\n\t\t\t\t\t\t\tRecu\u00e9rdame\t\t\t\t\t\t<\/label>\n\t\t\t\t\t<\/div>\n\t\t\t\t\n\t\t\t\t<div class=\"elementor-field-group elementor-column elementor-field-type-submit elementor-col-100\">\n\t\t\t\t\t<button type=\"submit\" class=\"elementor-size-sm elementor-button\" name=\"wp-submit\">\n\t\t\t\t\t\t\t\t\t\t\t\t\t\t\t<span class=\"elementor-button-text\">Entrar<\/span>\n\t\t\t\t\t\t\t\t\t\t\t\t<\/button>\n\t\t\t\t<\/div>\n\n\t\t\t\t\t\t\t<\/div>\n\t\t<\/form>\n\t\t\t\t\t\t<\/div>\n\t\t\t\t<\/div>\n\t\t\t\t<\/div>\n\t\t\t\t<\/div>\n\t\t\t\t<\/div>\n\t\t\t\t\t<\/div>\n\t\t\t\t<\/div>\n\t\t\t\t<\/div>\n\t\t","protected":false},"excerpt":{"rendered":"<p>On Demand Grabaciones Playlist 12 Videos Temas Generales M\u00f3dulo: Tiroides Magistral: Dr. Esquivias M\u00f3dulo: L\u00edpidos Taller: Monitoreo de glucosa Taller: Obesidad Taller: Ejercicio M\u00f3dulo: Diabetes Magistral: Dr. Lavalle M\u00f3dulo: Envejecimiento M\u00f3dulo: Reproductivo M\u00f3dulo: Obesidad Descargar itinerario congreso de doctores Ver congreso de pacientes Transmisi\u00f3n Privada Esta secci\u00f3n es exclusiva para usuarios registrados del congreso de [&hellip;]<\/p>\n","protected":false},"author":1,"featured_media":272,"parent":0,"menu_order":0,"comment_status":"closed","ping_status":"closed","template":"elementor_canvas","meta":{"footnotes":""},"class_list":["post-843","page","type-page","status-publish","has-post-thumbnail","hentry"],"_links":{"self":[{"href":"https:\/\/endocrinologianoreste.com\/congreso2024\/wp-json\/wp\/v2\/pages\/843","targetHints":{"allow":["GET"]}}],"collection":[{"href":"https:\/\/endocrinologianoreste.com\/congreso2024\/wp-json\/wp\/v2\/pages"}],"about":[{"href":"https:\/\/endocrinologianoreste.com\/congreso2024\/wp-json\/wp\/v2\/types\/page"}],"author":[{"embeddable":true,"href":"https:\/\/endocrinologianoreste.com\/congreso2024\/wp-json\/wp\/v2\/users\/1"}],"replies":[{"embeddable":true,"href":"https:\/\/endocrinologianoreste.com\/congreso2024\/wp-json\/wp\/v2\/comments?post=843"}],"version-history":[{"count":51,"href":"https:\/\/endocrinologianoreste.com\/congreso2024\/wp-json\/wp\/v2\/pages\/843\/revisions"}],"predecessor-version":[{"id":947,"href":"https:\/\/endocrinologianoreste.com\/congreso2024\/wp-json\/wp\/v2\/pages\/843\/revisions\/947"}],"wp:featuredmedia":[{"embeddable":true,"href":"https:\/\/endocrinologianoreste.com\/congreso2024\/wp-json\/wp\/v2\/media\/272"}],"wp:attachment":[{"href":"https:\/\/endocrinologianoreste.com\/congreso2024\/wp-json\/wp\/v2\/media?parent=843"}],"curies":[{"name":"wp","href":"https:\/\/api.w.org\/{rel}","templated":true}]}}